{"id":40,"date":"2025-07-21T21:03:43","date_gmt":"2025-07-21T19:03:43","guid":{"rendered":"https:\/\/martin-sammet-foto.de\/?page_id=40"},"modified":"2025-07-21T21:03:54","modified_gmt":"2025-07-21T19:03:54","slug":"impressum","status":"publish","type":"page","link":"https:\/\/martin-sammet-foto.de\/?page_id=40","title":{"rendered":"Impressum"},"content":{"rendered":"\n<h3 class=\"wp-block-heading\">Angaben gem\u00e4\u00df \u00a7 5 TMG<\/h3>\n\n\n\n<p>Martin Sammet<br>Martin Sammet Fotografie<br>Landhausstra\u00dfe 37A<br>70190 Stuttgart<\/p>\n\n\n\n<h3 class=\"wp-block-heading\">Kontakt<\/h3>\n\n\n\n<p>Telefon: 071112162897<br>E-Mail: martin@martinsammet.de<\/p>\n\n\n\n<h4 class=\"wp-block-heading\">Umsatzsteuer-ID<\/h4>\n\n\n\n<p>Umsatzsteuer-Identifikationsnummer gem\u00e4\u00df \u00a7 27 a Umsatzsteuergesetz:<br>DE 277 299 161<\/p>\n\n\n\n<h4 class=\"wp-block-heading\">Angaben zur Berufs\u00adhaftpflicht\u00adversicherung<\/h4>\n\n\n\n<p><strong>Name und Sitz des Versicherers:<\/strong><br>N\u00fcrnberger Versicherung<br>Ostendstra\u00dfe 100<br>90334 N\u00fcrnberg<\/p>\n\n\n\n<p><strong>Geltungsraum der Versicherung:<\/strong><br>weltweit<\/p>\n\n\n\n<h2 class=\"wp-block-heading\">EU-Streitschlichtung<\/h2>\n\n\n\n<p>Die Europ\u00e4ische Kommission stellt eine Plattform zur Online-Streitbeilegung (OS) bereit:&nbsp;<a href=\"https:\/\/ec.europa.eu\/consumers\/odr\/\" target=\"_blank\" rel=\"noreferrer noopener\">https:\/\/ec.europa.eu\/consumers\/odr\/<\/a>.<br>Unsere E-Mail-Adresse finden Sie oben im Impressum.<\/p>\n\n\n\n<h3 class=\"wp-block-heading\">Verbraucher\u00adstreit\u00adbeilegung\/Universal\u00adschlichtungs\u00adstelle<\/h3>\n\n\n\n<p>Wir sind nicht bereit oder verpflichtet, an Streitbeilegungsverfahren vor einer Verbraucherschlichtungsstelle teilzunehmen.<\/p>\n\n\n\n<p>Quelle:&nbsp;<a href=\"https:\/\/www.e-recht24.de\/\">https:\/\/www.e-recht24.de<\/a><\/p>\n","protected":false},"excerpt":{"rendered":"<p>Angaben gem\u00e4\u00df \u00a7 5 TMG Martin SammetMartin Sammet FotografieLandhausstra\u00dfe 37A70190 Stuttgart Kontakt Telefon: 071112162897E-Mail: martin@martinsammet.de Umsatzsteuer-ID Umsatzsteuer-Identifikationsnummer gem\u00e4\u00df \u00a7 27 a Umsatzsteuergesetz:DE 277 299 161 Angaben zur Berufs\u00adhaftpflicht\u00adversicherung Name und Sitz des Versicherers:N\u00fcrnberger VersicherungOstendstra\u00dfe 10090334 N\u00fcrnberg Geltungsraum der Versicherung:weltweit EU-Streitschlichtung Die Europ\u00e4ische Kommission stellt eine Plattform zur Online-Streitbeilegung (OS) bereit:&nbsp;https:\/\/ec.europa.eu\/consumers\/odr\/.Unsere E-Mail-Adresse finden Sie oben im [&hellip;]<\/p>\n","protected":false},"author":1,"featured_media":0,"parent":0,"menu_order":0,"comment_status":"closed","ping_status":"closed","template":"","meta":{"footnotes":""},"class_list":["post-40","page","type-page","status-publish","hentry"],"yoast_head":"<!-- This site is optimized with the Yoast SEO plugin v25.5 - https:\/\/yoast.com\/wordpress\/plugins\/seo\/ -->\n<title>Impressum - Meine Webseite<\/title>\n<meta name=\"robots\" content=\"index, follow, max-snippet:-1, max-image-preview:large, max-video-preview:-1\" \/>\n<link rel=\"canonical\" href=\"https:\/\/martin-sammet-foto.de\/?page_id=40\" \/>\n<meta property=\"og:locale\" content=\"de_DE\" \/>\n<meta property=\"og:type\" content=\"article\" \/>\n<meta property=\"og:title\" content=\"Impressum - Meine Webseite\" \/>\n<meta property=\"og:description\" content=\"Angaben gem\u00e4\u00df \u00a7 5 TMG Martin SammetMartin Sammet FotografieLandhausstra\u00dfe 37A70190 Stuttgart Kontakt Telefon: 071112162897E-Mail: martin@martinsammet.de Umsatzsteuer-ID Umsatzsteuer-Identifikationsnummer gem\u00e4\u00df \u00a7 27 a Umsatzsteuergesetz:DE 277 299 161 Angaben zur Berufs\u00adhaftpflicht\u00adversicherung Name und Sitz des Versicherers:N\u00fcrnberger VersicherungOstendstra\u00dfe 10090334 N\u00fcrnberg Geltungsraum der Versicherung:weltweit EU-Streitschlichtung Die Europ\u00e4ische Kommission stellt eine Plattform zur Online-Streitbeilegung (OS) bereit:&nbsp;https:\/\/ec.europa.eu\/consumers\/odr\/.Unsere E-Mail-Adresse finden Sie oben im [&hellip;]\" \/>\n<meta property=\"og:url\" content=\"https:\/\/martin-sammet-foto.de\/?page_id=40\" \/>\n<meta property=\"og:site_name\" content=\"Meine Webseite\" \/>\n<meta property=\"article:modified_time\" content=\"2025-07-21T19:03:54+00:00\" \/>\n<meta name=\"twitter:card\" content=\"summary_large_image\" \/>\n<meta name=\"twitter:label1\" content=\"Gesch\u00e4tzte Lesezeit\" \/>\n\t<meta name=\"twitter:data1\" content=\"1\u00a0Minute\" \/>\n<script type=\"application\/ld+json\" class=\"yoast-schema-graph\">{\"@context\":\"https:\/\/schema.org\",\"@graph\":[{\"@type\":\"WebPage\",\"@id\":\"https:\/\/martin-sammet-foto.de\/?page_id=40\",\"url\":\"https:\/\/martin-sammet-foto.de\/?page_id=40\",\"name\":\"Impressum - Meine Webseite\",\"isPartOf\":{\"@id\":\"https:\/\/martin-sammet-foto.de\/#website\"},\"datePublished\":\"2025-07-21T19:03:43+00:00\",\"dateModified\":\"2025-07-21T19:03:54+00:00\",\"breadcrumb\":{\"@id\":\"https:\/\/martin-sammet-foto.de\/?page_id=40#breadcrumb\"},\"inLanguage\":\"de\",\"potentialAction\":[{\"@type\":\"ReadAction\",\"target\":[\"https:\/\/martin-sammet-foto.de\/?page_id=40\"]}]},{\"@type\":\"BreadcrumbList\",\"@id\":\"https:\/\/martin-sammet-foto.de\/?page_id=40#breadcrumb\",\"itemListElement\":[{\"@type\":\"ListItem\",\"position\":1,\"name\":\"Startseite\",\"item\":\"https:\/\/martin-sammet-foto.de\/\"},{\"@type\":\"ListItem\",\"position\":2,\"name\":\"Impressum\"}]},{\"@type\":\"WebSite\",\"@id\":\"https:\/\/martin-sammet-foto.de\/#website\",\"url\":\"https:\/\/martin-sammet-foto.de\/\",\"name\":\"Meine Webseite\",\"description\":\"\",\"potentialAction\":[{\"@type\":\"SearchAction\",\"target\":{\"@type\":\"EntryPoint\",\"urlTemplate\":\"https:\/\/martin-sammet-foto.de\/?s={search_term_string}\"},\"query-input\":{\"@type\":\"PropertyValueSpecification\",\"valueRequired\":true,\"valueName\":\"search_term_string\"}}],\"inLanguage\":\"de\"}]}<\/script>\n<!-- \/ Yoast SEO plugin. -->","yoast_head_json":{"title":"Impressum - Meine Webseite","robots":{"index":"index","follow":"follow","max-snippet":"max-snippet:-1","max-image-preview":"max-image-preview:large","max-video-preview":"max-video-preview:-1"},"canonical":"https:\/\/martin-sammet-foto.de\/?page_id=40","og_locale":"de_DE","og_type":"article","og_title":"Impressum - Meine Webseite","og_description":"Angaben gem\u00e4\u00df \u00a7 5 TMG Martin SammetMartin Sammet FotografieLandhausstra\u00dfe 37A70190 Stuttgart Kontakt Telefon: 071112162897E-Mail: martin@martinsammet.de Umsatzsteuer-ID Umsatzsteuer-Identifikationsnummer gem\u00e4\u00df \u00a7 27 a Umsatzsteuergesetz:DE 277 299 161 Angaben zur Berufs\u00adhaftpflicht\u00adversicherung Name und Sitz des Versicherers:N\u00fcrnberger VersicherungOstendstra\u00dfe 10090334 N\u00fcrnberg Geltungsraum der Versicherung:weltweit EU-Streitschlichtung Die Europ\u00e4ische Kommission stellt eine Plattform zur Online-Streitbeilegung (OS) bereit:&nbsp;https:\/\/ec.europa.eu\/consumers\/odr\/.Unsere E-Mail-Adresse finden Sie oben im [&hellip;]","og_url":"https:\/\/martin-sammet-foto.de\/?page_id=40","og_site_name":"Meine Webseite","article_modified_time":"2025-07-21T19:03:54+00:00","twitter_card":"summary_large_image","twitter_misc":{"Gesch\u00e4tzte Lesezeit":"1\u00a0Minute"},"schema":{"@context":"https:\/\/schema.org","@graph":[{"@type":"WebPage","@id":"https:\/\/martin-sammet-foto.de\/?page_id=40","url":"https:\/\/martin-sammet-foto.de\/?page_id=40","name":"Impressum - Meine Webseite","isPartOf":{"@id":"https:\/\/martin-sammet-foto.de\/#website"},"datePublished":"2025-07-21T19:03:43+00:00","dateModified":"2025-07-21T19:03:54+00:00","breadcrumb":{"@id":"https:\/\/martin-sammet-foto.de\/?page_id=40#breadcrumb"},"inLanguage":"de","potentialAction":[{"@type":"ReadAction","target":["https:\/\/martin-sammet-foto.de\/?page_id=40"]}]},{"@type":"BreadcrumbList","@id":"https:\/\/martin-sammet-foto.de\/?page_id=40#breadcrumb","itemListElement":[{"@type":"ListItem","position":1,"name":"Startseite","item":"https:\/\/martin-sammet-foto.de\/"},{"@type":"ListItem","position":2,"name":"Impressum"}]},{"@type":"WebSite","@id":"https:\/\/martin-sammet-foto.de\/#website","url":"https:\/\/martin-sammet-foto.de\/","name":"Meine Webseite","description":"","potentialAction":[{"@type":"SearchAction","target":{"@type":"EntryPoint","urlTemplate":"https:\/\/martin-sammet-foto.de\/?s={search_term_string}"},"query-input":{"@type":"PropertyValueSpecification","valueRequired":true,"valueName":"search_term_string"}}],"inLanguage":"de"}]}},"_links":{"self":[{"href":"https:\/\/martin-sammet-foto.de\/index.php?rest_route=\/wp\/v2\/pages\/40","targetHints":{"allow":["GET"]}}],"collection":[{"href":"https:\/\/martin-sammet-foto.de\/index.php?rest_route=\/wp\/v2\/pages"}],"about":[{"href":"https:\/\/martin-sammet-foto.de\/index.php?rest_route=\/wp\/v2\/types\/page"}],"author":[{"embeddable":true,"href":"https:\/\/martin-sammet-foto.de\/index.php?rest_route=\/wp\/v2\/users\/1"}],"replies":[{"embeddable":true,"href":"https:\/\/martin-sammet-foto.de\/index.php?rest_route=%2Fwp%2Fv2%2Fcomments&post=40"}],"version-history":[{"count":2,"href":"https:\/\/martin-sammet-foto.de\/index.php?rest_route=\/wp\/v2\/pages\/40\/revisions"}],"predecessor-version":[{"id":42,"href":"https:\/\/martin-sammet-foto.de\/index.php?rest_route=\/wp\/v2\/pages\/40\/revisions\/42"}],"wp:attachment":[{"href":"https:\/\/martin-sammet-foto.de\/index.php?rest_route=%2Fwp%2Fv2%2Fmedia&parent=40"}],"curies":[{"name":"wp","href":"https:\/\/api.w.org\/{rel}","templated":true}]}}